{"id":1425,"date":"2023-10-02T13:54:43","date_gmt":"2023-10-02T13:54:43","guid":{"rendered":"https:\/\/bellavistahuaraz.com\/?page_id=1425"},"modified":"2023-10-02T14:41:50","modified_gmt":"2023-10-02T14:41:50","slug":"laguna-paron","status":"publish","type":"page","link":"https:\/\/bellavistahuaraz.com\/en\/laguna-paron\/","title":{"rendered":"Laguna Paron"},"content":{"rendered":"<div data-elementor-type=\"wp-page\" data-elementor-id=\"1425\" class=\"elementor elementor-1425\" data-elementor-post-type=\"page\">\n\t\t\t\t<div class=\"elementor-element elementor-element-e67231f e-con-full e-flex e-con e-parent\" data-id=\"e67231f\" data-element_type=\"container\">\n\t\t<div class=\"elementor-element elementor-element-a3a9f3e e-con-full e-flex e-con e-parent\" data-id=\"a3a9f3e\" data-element_type=\"container\">\n\t\t\t\t<div class=\"elementor-element elementor-element-5d86c63 elementor-widget elementor-widget-image\" data-id=\"5d86c63\" data-element_type=\"widget\" data-widget_type=\"image.default\">\n\t\t\t\t<div class=\"elementor-widget-container\">\n\t\t\t\t\t\t\t\t\t\t\t\t\t\t\t<img fetchpriority=\"high\" decoding=\"async\" width=\"800\" height=\"600\" src=\"https:\/\/bellavistahuaraz.com\/wp-content\/uploads\/2023\/08\/lgaunaparron800x600.jpg\" class=\"attachment-large size-large wp-image-917\" alt=\"\" srcset=\"https:\/\/bellavistahuaraz.com\/wp-content\/uploads\/2023\/08\/lgaunaparron800x600.jpg 800w, https:\/\/bellavistahuaraz.com\/wp-content\/uploads\/2023\/08\/lgaunaparron800x600-300x225.jpg 300w, https:\/\/bellavistahuaraz.com\/wp-content\/uploads\/2023\/08\/lgaunaparron800x600-768x576.jpg 768w\" sizes=\"(max-width: 800px) 100vw, 800px\" \/>\t\t\t\t\t\t\t\t\t\t\t\t\t\t\t<\/div>\n\t\t\t\t<\/div>\n\t\t\t\t<\/div>\n\t\t<div class=\"elementor-element elementor-element-3f32478 e-con-full e-flex e-con e-parent\" data-id=\"3f32478\" data-element_type=\"container\">\n\t\t\t\t<div class=\"elementor-element elementor-element-57016a6 elementor-widget elementor-widget-heading\" data-id=\"57016a6\" data-element_type=\"widget\" data-widget_type=\"heading.default\">\n\t\t\t\t<div class=\"elementor-widget-container\">\n\t\t\t\t\t<h2 class=\"elementor-heading-title elementor-size-default\">Laguna Break<\/h2>\t\t\t\t<\/div>\n\t\t\t\t<\/div>\n\t\t\t\t<div class=\"elementor-element elementor-element-72469a3 elementor-widget elementor-widget-text-editor\" data-id=\"72469a3\" data-element_type=\"widget\" data-widget_type=\"text-editor.default\">\n\t\t\t\t<div class=\"elementor-widget-container\">\n\t\t\t\t\t\t\t\t\t<p>Explore the dazzling Par\u00f3n Lagoon in Huaraz, Peru. Its turquoise waters reflect the imposing Andes mountain range. It is the largest and most spectacular natural sweet water reservoir in the Cordillera Blanca and the Ancash region. It was declared a UNESCO World Heritage Site in 1985. Laguna Par\u00f3n is located in the district of Caraz, province of Huaylas, in the Ancash region of Peru. It is about 32 kilometers east of the city of Caraz.<\/p><p><br \/><strong>Altitude:<\/strong> 3,500 meters.<br \/><strong>Location:<\/strong> Caraz<br \/><strong>Recommended time of visit:<\/strong> 3 hours.<br \/><strong>Total duration of the experience:<\/strong> noon<\/p><p><strong>Price<\/strong>: From usd 55 per person.\u00a0<\/p>\t\t\t\t\t\t\t\t<\/div>\n\t\t\t\t<\/div>\n\t\t\t\t<div class=\"elementor-element elementor-element-44b150c elementor-widget elementor-widget-button\" data-id=\"44b150c\" data-element_type=\"widget\" data-widget_type=\"button.default\">\n\t\t\t\t<div class=\"elementor-widget-container\">\n\t\t\t\t\t\t\t\t\t<div class=\"elementor-button-wrapper\">\n\t\t\t\t\t<a class=\"elementor-button elementor-button-link elementor-size-sm\" href=\"#\">\n\t\t\t\t\t\t<span class=\"elementor-button-content-wrapper\">\n\t\t\t\t\t\t\t\t\t<span class=\"elementor-button-text\">Contact us<\/span>\n\t\t\t\t\t<\/span>\n\t\t\t\t\t<\/a>\n\t\t\t\t<\/div>\n\t\t\t\t\t\t\t\t<\/div>\n\t\t\t\t<\/div>\n\t\t\t\t<\/div>\n\t\t\t\t<\/div>\n\t\t\t\t<\/div>","protected":false},"excerpt":{"rendered":"<p>Laguna Par\u00f3n Explora la deslumbrante Laguna Par\u00f3n en Huaraz, Per\u00fa. Sus aguas turquesa reflejan la imponente cordillera de los Andes. Es el dep\u00f3sito natural de agua d\u00falce m\u00e1s grande y espectacular de la cordillera Blanca y de la regi\u00f3n Ancash. Fue declarada Patrimonio de la UNESCO en 1985. La Laguna Par\u00f3n est\u00e1 ubicada en el [&hellip;]<\/p>","protected":false},"author":4,"featured_media":0,"parent":0,"menu_order":0,"comment_status":"closed","ping_status":"closed","template":"","meta":{"site-sidebar-layout":"no-sidebar","site-content-layout":"page-builder","ast-site-content-layout":"default","site-content-style":"default","site-sidebar-style":"default","ast-global-header-display":"","ast-banner-title-visibility":"","ast-main-header-display":"","ast-hfb-above-header-display":"","ast-hfb-below-header-display":"","ast-hfb-mobile-header-display":"","site-post-title":"disabled","ast-breadcrumbs-content":"","ast-featured-img":"disabled","footer-sml-layout":"","theme-transparent-header-meta":"","adv-header-id-meta":"","stick-header-meta":"","header-above-stick-meta":"","header-main-stick-meta":"","header-below-stick-meta":"","astra-migrate-meta-layouts":"default","ast-page-background-enabled":"default","ast-page-background-meta":{"desktop":{"background-color":"","background-image":"","background-repeat":"repeat","background-position":"center center","background-size":"auto","background-attachment":"scroll","background-type":"","background-media":"","overlay-type":"","overlay-color":"","overlay-opacity":"","overlay-gradient":""},"tablet":{"background-color":"","background-image":"","background-repeat":"repeat","background-position":"center center","background-size":"auto","background-attachment":"scroll","background-type":"","background-media":"","overlay-type":"","overlay-color":"","overlay-opacity":"","overlay-gradient":""},"mobile":{"background-color":"","background-image":"","background-repeat":"repeat","background-position":"center center","background-size":"auto","background-attachment":"scroll","background-type":"","background-media":"","overlay-type":"","overlay-color":"","overlay-opacity":"","overlay-gradient":""}},"ast-content-background-meta":{"desktop":{"background-color":"var(--ast-global-color-5)","background-image":"","background-repeat":"repeat","background-position":"center center","background-size":"auto","background-attachment":"scroll","background-type":"","background-media":"","overlay-type":"","overlay-color":"","overlay-opacity":"","overlay-gradient":""},"tablet":{"background-color":"var(--ast-global-color-5)","background-image":"","background-repeat":"repeat","background-position":"center center","background-size":"auto","background-attachment":"scroll","background-type":"","background-media":"","overlay-type":"","overlay-color":"","overlay-opacity":"","overlay-gradient":""},"mobile":{"background-color":"var(--ast-global-color-5)","background-image":"","background-repeat":"repeat","background-position":"center center","background-size":"auto","background-attachment":"scroll","background-type":"","background-media":"","overlay-type":"","overlay-color":"","overlay-opacity":"","overlay-gradient":""}},"footnotes":""},"class_list":["post-1425","page","type-page","status-publish","hentry"],"_links":{"self":[{"href":"https:\/\/bellavistahuaraz.com\/en\/wp-json\/wp\/v2\/pages\/1425","targetHints":{"allow":["GET"]}}],"collection":[{"href":"https:\/\/bellavistahuaraz.com\/en\/wp-json\/wp\/v2\/pages"}],"about":[{"href":"https:\/\/bellavistahuaraz.com\/en\/wp-json\/wp\/v2\/types\/page"}],"author":[{"embeddable":true,"href":"https:\/\/bellavistahuaraz.com\/en\/wp-json\/wp\/v2\/users\/4"}],"replies":[{"embeddable":true,"href":"https:\/\/bellavistahuaraz.com\/en\/wp-json\/wp\/v2\/comments?post=1425"}],"version-history":[{"count":13,"href":"https:\/\/bellavistahuaraz.com\/en\/wp-json\/wp\/v2\/pages\/1425\/revisions"}],"predecessor-version":[{"id":1514,"href":"https:\/\/bellavistahuaraz.com\/en\/wp-json\/wp\/v2\/pages\/1425\/revisions\/1514"}],"wp:attachment":[{"href":"https:\/\/bellavistahuaraz.com\/en\/wp-json\/wp\/v2\/media?parent=1425"}],"curies":[{"name":"wp","href":"https:\/\/api.w.org\/{rel}","templated":true}]}}