{"id":1436,"date":"2023-10-02T14:05:08","date_gmt":"2023-10-02T14:05:08","guid":{"rendered":"https:\/\/bellavistahuaraz.com\/?page_id=1436"},"modified":"2023-10-02T15:08:38","modified_gmt":"2023-10-02T15:08:38","slug":"punta-olimpica-chacas","status":"publish","type":"page","link":"https:\/\/bellavistahuaraz.com\/en\/punta-olimpica-chacas\/","title":{"rendered":"punta ol\u00edmpica chacas"},"content":{"rendered":"<div data-elementor-type=\"wp-page\" data-elementor-id=\"1436\" class=\"elementor elementor-1436\" data-elementor-post-type=\"page\">\n\t\t\t\t<div class=\"elementor-element elementor-element-2040c9a2 e-con-full e-flex e-con e-parent\" data-id=\"2040c9a2\" data-element_type=\"container\">\n\t\t<div class=\"elementor-element elementor-element-5dab9b79 e-con-full e-flex e-con e-parent\" data-id=\"5dab9b79\" data-element_type=\"container\">\n\t\t\t\t<div class=\"elementor-element elementor-element-3c31e2cc elementor-widget elementor-widget-image\" data-id=\"3c31e2cc\" data-element_type=\"widget\" data-widget_type=\"image.default\">\n\t\t\t\t<div class=\"elementor-widget-container\">\n\t\t\t\t\t\t\t\t\t\t\t\t\t\t\t<img fetchpriority=\"high\" decoding=\"async\" width=\"800\" height=\"600\" src=\"https:\/\/bellavistahuaraz.com\/wp-content\/uploads\/2023\/08\/mirapuntachacas800x600.jpg\" class=\"attachment-large size-large wp-image-918\" alt=\"\" srcset=\"https:\/\/bellavistahuaraz.com\/wp-content\/uploads\/2023\/08\/mirapuntachacas800x600.jpg 800w, https:\/\/bellavistahuaraz.com\/wp-content\/uploads\/2023\/08\/mirapuntachacas800x600-300x225.jpg 300w, https:\/\/bellavistahuaraz.com\/wp-content\/uploads\/2023\/08\/mirapuntachacas800x600-768x576.jpg 768w\" sizes=\"(max-width: 800px) 100vw, 800px\" \/>\t\t\t\t\t\t\t\t\t\t\t\t\t\t\t<\/div>\n\t\t\t\t<\/div>\n\t\t\t\t<\/div>\n\t\t<div class=\"elementor-element elementor-element-97ec76e e-con-full e-flex e-con e-parent\" data-id=\"97ec76e\" data-element_type=\"container\">\n\t\t\t\t<div class=\"elementor-element elementor-element-58280664 elementor-widget elementor-widget-heading\" data-id=\"58280664\" data-element_type=\"widget\" data-widget_type=\"heading.default\">\n\t\t\t\t<div class=\"elementor-widget-container\">\n\t\t\t\t\t<h2 class=\"elementor-heading-title elementor-size-default\">Punta Ol\u00edmpica Chacas<\/h2>\t\t\t\t<\/div>\n\t\t\t\t<\/div>\n\t\t\t\t<div class=\"elementor-element elementor-element-2b3be0f7 elementor-widget elementor-widget-text-editor\" data-id=\"2b3be0f7\" data-element_type=\"widget\" data-widget_type=\"text-editor.default\">\n\t\t\t\t<div class=\"elementor-widget-container\">\n\t\t\t\t\t\t\t\t\t<p>Punta Olimpica in Chacas, Huaraz, is a spectacular mountain pass located in the Cordillera Blanca of Peru. With an altitude of approximately 4,735 meters above sea level, it is one of the highest points on the central road through the Cordillera Blanca. It offers amazing panoramic views of the snow-capped peaks and surrounding valleys, providing a unique experience for travelers and adventurers.<\/p><p><strong>Altitude:<\/strong> 4,735 metros.<br \/><strong>Location:<\/strong> Entre las provincias de Asunci\u00f3n y Carhuaz.<br \/><strong>Recommended time of visit:<\/strong> 3 hours.<br \/><strong>Total duration of the experience:<\/strong> Todo el d\u00eda<\/p><p><strong>Price<\/strong>: From usd 55 per person.\u00a0<\/p>\t\t\t\t\t\t\t\t<\/div>\n\t\t\t\t<\/div>\n\t\t\t\t<div class=\"elementor-element elementor-element-1697502b elementor-widget elementor-widget-button\" data-id=\"1697502b\" data-element_type=\"widget\" data-widget_type=\"button.default\">\n\t\t\t\t<div class=\"elementor-widget-container\">\n\t\t\t\t\t\t\t\t\t<div class=\"elementor-button-wrapper\">\n\t\t\t\t\t<a class=\"elementor-button elementor-button-link elementor-size-sm\" href=\"#\">\n\t\t\t\t\t\t<span class=\"elementor-button-content-wrapper\">\n\t\t\t\t\t\t\t\t\t<span class=\"elementor-button-text\">Contact us<\/span>\n\t\t\t\t\t<\/span>\n\t\t\t\t\t<\/a>\n\t\t\t\t<\/div>\n\t\t\t\t\t\t\t\t<\/div>\n\t\t\t\t<\/div>\n\t\t\t\t<\/div>\n\t\t\t\t<\/div>\n\t\t\t\t<\/div>","protected":false},"excerpt":{"rendered":"<p>Punta Ol\u00edmpica Chacas Punta Ol\u00edmpica en Chacas, Huaraz, es un paso de monta\u00f1a espectacular ubicado en la Cordillera Blanca de Per\u00fa. Con una altitud de aproximadamente 4,735 metros sobre el nivel del mar, es uno de los puntos m\u00e1s altos de la carretera central que atraviesa la Cordillera Blanca. Ofrece vistas panor\u00e1micas asombrosas de los [&hellip;]<\/p>","protected":false},"author":4,"featured_media":0,"parent":0,"menu_order":0,"comment_status":"closed","ping_status":"closed","template":"","meta":{"site-sidebar-layout":"no-sidebar","site-content-layout":"page-builder","ast-site-content-layout":"default","site-content-style":"default","site-sidebar-style":"default","ast-global-header-display":"","ast-banner-title-visibility":"","ast-main-header-display":"","ast-hfb-above-header-display":"","ast-hfb-below-header-display":"","ast-hfb-mobile-header-display":"","site-post-title":"disabled","ast-breadcrumbs-content":"","ast-featured-img":"disabled","footer-sml-layout":"","theme-transparent-header-meta":"","adv-header-id-meta":"","stick-header-meta":"","header-above-stick-meta":"","header-main-stick-meta":"","header-below-stick-meta":"","astra-migrate-meta-layouts":"default","ast-page-background-enabled":"default","ast-page-background-meta":{"desktop":{"background-color":"","background-image":"","background-repeat":"repeat","background-position":"center center","background-size":"auto","background-attachment":"scroll","background-type":"","background-media":"","overlay-type":"","overlay-color":"","overlay-opacity":"","overlay-gradient":""},"tablet":{"background-color":"","background-image":"","background-repeat":"repeat","background-position":"center center","background-size":"auto","background-attachment":"scroll","background-type":"","background-media":"","overlay-type":"","overlay-color":"","overlay-opacity":"","overlay-gradient":""},"mobile":{"background-color":"","background-image":"","background-repeat":"repeat","background-position":"center center","background-size":"auto","background-attachment":"scroll","background-type":"","background-media":"","overlay-type":"","overlay-color":"","overlay-opacity":"","overlay-gradient":""}},"ast-content-background-meta":{"desktop":{"background-color":"var(--ast-global-color-5)","background-image":"","background-repeat":"repeat","background-position":"center center","background-size":"auto","background-attachment":"scroll","background-type":"","background-media":"","overlay-type":"","overlay-color":"","overlay-opacity":"","overlay-gradient":""},"tablet":{"background-color":"var(--ast-global-color-5)","background-image":"","background-repeat":"repeat","background-position":"center center","background-size":"auto","background-attachment":"scroll","background-type":"","background-media":"","overlay-type":"","overlay-color":"","overlay-opacity":"","overlay-gradient":""},"mobile":{"background-color":"var(--ast-global-color-5)","background-image":"","background-repeat":"repeat","background-position":"center center","background-size":"auto","background-attachment":"scroll","background-type":"","background-media":"","overlay-type":"","overlay-color":"","overlay-opacity":"","overlay-gradient":""}},"footnotes":""},"class_list":["post-1436","page","type-page","status-publish","hentry"],"_links":{"self":[{"href":"https:\/\/bellavistahuaraz.com\/en\/wp-json\/wp\/v2\/pages\/1436","targetHints":{"allow":["GET"]}}],"collection":[{"href":"https:\/\/bellavistahuaraz.com\/en\/wp-json\/wp\/v2\/pages"}],"about":[{"href":"https:\/\/bellavistahuaraz.com\/en\/wp-json\/wp\/v2\/types\/page"}],"author":[{"embeddable":true,"href":"https:\/\/bellavistahuaraz.com\/en\/wp-json\/wp\/v2\/users\/4"}],"replies":[{"embeddable":true,"href":"https:\/\/bellavistahuaraz.com\/en\/wp-json\/wp\/v2\/comments?post=1436"}],"version-history":[{"count":7,"href":"https:\/\/bellavistahuaraz.com\/en\/wp-json\/wp\/v2\/pages\/1436\/revisions"}],"predecessor-version":[{"id":1518,"href":"https:\/\/bellavistahuaraz.com\/en\/wp-json\/wp\/v2\/pages\/1436\/revisions\/1518"}],"wp:attachment":[{"href":"https:\/\/bellavistahuaraz.com\/en\/wp-json\/wp\/v2\/media?parent=1436"}],"curies":[{"name":"wp","href":"https:\/\/api.w.org\/{rel}","templated":true}]}}