{"id":1445,"date":"2023-10-02T14:07:10","date_gmt":"2023-10-02T14:07:10","guid":{"rendered":"https:\/\/bellavistahuaraz.com\/?page_id=1445"},"modified":"2023-10-02T15:31:45","modified_gmt":"2023-10-02T15:31:45","slug":"laguna-69","status":"publish","type":"page","link":"https:\/\/bellavistahuaraz.com\/en\/laguna-69\/","title":{"rendered":"Laguna 69"},"content":{"rendered":"<div data-elementor-type=\"wp-page\" data-elementor-id=\"1445\" class=\"elementor elementor-1445\" data-elementor-post-type=\"page\">\n\t\t\t\t<div class=\"elementor-element elementor-element-ab34552 e-con-full e-flex e-con e-parent\" data-id=\"ab34552\" data-element_type=\"container\">\n\t\t<div class=\"elementor-element elementor-element-668ee4ce e-con-full e-flex e-con e-parent\" data-id=\"668ee4ce\" data-element_type=\"container\">\n\t\t\t\t<div class=\"elementor-element elementor-element-2956cbf7 elementor-widget elementor-widget-image\" data-id=\"2956cbf7\" data-element_type=\"widget\" data-widget_type=\"image.default\">\n\t\t\t\t<div class=\"elementor-widget-container\">\n\t\t\t\t\t\t\t\t\t\t\t\t\t\t\t<img fetchpriority=\"high\" decoding=\"async\" width=\"800\" height=\"600\" src=\"https:\/\/bellavistahuaraz.com\/wp-content\/uploads\/2023\/08\/laguna69800x600.jpg\" class=\"attachment-large size-large wp-image-919\" alt=\"\" srcset=\"https:\/\/bellavistahuaraz.com\/wp-content\/uploads\/2023\/08\/laguna69800x600.jpg 800w, https:\/\/bellavistahuaraz.com\/wp-content\/uploads\/2023\/08\/laguna69800x600-300x225.jpg 300w, https:\/\/bellavistahuaraz.com\/wp-content\/uploads\/2023\/08\/laguna69800x600-768x576.jpg 768w\" sizes=\"(max-width: 800px) 100vw, 800px\" \/>\t\t\t\t\t\t\t\t\t\t\t\t\t\t\t<\/div>\n\t\t\t\t<\/div>\n\t\t\t\t<\/div>\n\t\t<div class=\"elementor-element elementor-element-462739f5 e-con-full e-flex e-con e-parent\" data-id=\"462739f5\" data-element_type=\"container\">\n\t\t\t\t<div class=\"elementor-element elementor-element-4440f416 elementor-widget elementor-widget-heading\" data-id=\"4440f416\" data-element_type=\"widget\" data-widget_type=\"heading.default\">\n\t\t\t\t<div class=\"elementor-widget-container\">\n\t\t\t\t\t<h2 class=\"elementor-heading-title elementor-size-default\">Laguna 69<\/h2>\t\t\t\t<\/div>\n\t\t\t\t<\/div>\n\t\t\t\t<div class=\"elementor-element elementor-element-7abf7fc7 elementor-widget elementor-widget-text-editor\" data-id=\"7abf7fc7\" data-element_type=\"widget\" data-widget_type=\"text-editor.default\">\n\t\t\t\t<div class=\"elementor-widget-container\">\n\t\t\t\t\t\t\t\t\t<p>This gem is located at an altitude of around 4,600 meters above sea level, surrounded by impressive mountains and peaks, creating a majestic landscape.<\/p><p>The characteristics of the Laguna 69, which include their crystal-clear waters of a distinctive tone deep turquoise, fed by snowmelt from the surrounding mountains. The environment is framed by glaciers, cliffs and vegetation typical of height, providing a setting of unparalleled natural beauty.<\/p><p>To access this paradise, a walk of about 6 to 7 hours (round trip) from the village of Cebollapampa. Visitors can enjoy the spectacular nature of the route, passing through steep trails, grasslands, alpine and waterfalls, until you get to the stunning Laguna 69, an unforgettable experience for lovers of trekking and nature.<\/p><p><strong>Distance to Bellavista Apart Hotel:<\/strong>\u00a044 km<br \/><strong>Altitude:<\/strong>\u00a04,650 meters.<br \/><strong>Location:<\/strong> Cebollapampa (Huaraz)<br \/><strong>Recommended time of visit:<\/strong> 6 to 8 hours.<br \/><strong>Total duration of the experience:<\/strong> Whole day<\/p><p><strong>Price<\/strong>: From usd 55 per person.\u00a0<\/p>\t\t\t\t\t\t\t\t<\/div>\n\t\t\t\t<\/div>\n\t\t\t\t<div class=\"elementor-element elementor-element-674b8f47 elementor-widget elementor-widget-button\" data-id=\"674b8f47\" data-element_type=\"widget\" data-widget_type=\"button.default\">\n\t\t\t\t<div class=\"elementor-widget-container\">\n\t\t\t\t\t\t\t\t\t<div class=\"elementor-button-wrapper\">\n\t\t\t\t\t<a class=\"elementor-button elementor-button-link elementor-size-sm\" href=\"#\">\n\t\t\t\t\t\t<span class=\"elementor-button-content-wrapper\">\n\t\t\t\t\t\t\t\t\t<span class=\"elementor-button-text\">Contact us<\/span>\n\t\t\t\t\t<\/span>\n\t\t\t\t\t<\/a>\n\t\t\t\t<\/div>\n\t\t\t\t\t\t\t\t<\/div>\n\t\t\t\t<\/div>\n\t\t\t\t<\/div>\n\t\t\t\t<\/div>\n\t\t\t\t<\/div>","protected":false},"excerpt":{"rendered":"<p>Laguna 69 Esta joya se encuentra a una altitud de alrededor de 4,600 metros sobre el nivel del mar, rodeada de impresionantes monta\u00f1as y picos nevados, creando un paisaje majestuoso. Las caracter\u00edsticas de la Laguna 69 incluyen sus aguas cristalinas de un caracter\u00edstico tono turquesa intenso, alimentadas por el deshielo de las monta\u00f1as circundantes. El [&hellip;]<\/p>","protected":false},"author":4,"featured_media":0,"parent":0,"menu_order":0,"comment_status":"closed","ping_status":"closed","template":"","meta":{"site-sidebar-layout":"no-sidebar","site-content-layout":"page-builder","ast-site-content-layout":"default","site-content-style":"default","site-sidebar-style":"default","ast-global-header-display":"","ast-banner-title-visibility":"","ast-main-header-display":"","ast-hfb-above-header-display":"","ast-hfb-below-header-display":"","ast-hfb-mobile-header-display":"","site-post-title":"disabled","ast-breadcrumbs-content":"","ast-featured-img":"disabled","footer-sml-layout":"","theme-transparent-header-meta":"","adv-header-id-meta":"","stick-header-meta":"","header-above-stick-meta":"","header-main-stick-meta":"","header-below-stick-meta":"","astra-migrate-meta-layouts":"default","ast-page-background-enabled":"default","ast-page-background-meta":{"desktop":{"background-color":"","background-image":"","background-repeat":"repeat","background-position":"center center","background-size":"auto","background-attachment":"scroll","background-type":"","background-media":"","overlay-type":"","overlay-color":"","overlay-opacity":"","overlay-gradient":""},"tablet":{"background-color":"","background-image":"","background-repeat":"repeat","background-position":"center center","background-size":"auto","background-attachment":"scroll","background-type":"","background-media":"","overlay-type":"","overlay-color":"","overlay-opacity":"","overlay-gradient":""},"mobile":{"background-color":"","background-image":"","background-repeat":"repeat","background-position":"center center","background-size":"auto","background-attachment":"scroll","background-type":"","background-media":"","overlay-type":"","overlay-color":"","overlay-opacity":"","overlay-gradient":""}},"ast-content-background-meta":{"desktop":{"background-color":"var(--ast-global-color-5)","background-image":"","background-repeat":"repeat","background-position":"center center","background-size":"auto","background-attachment":"scroll","background-type":"","background-media":"","overlay-type":"","overlay-color":"","overlay-opacity":"","overlay-gradient":""},"tablet":{"background-color":"var(--ast-global-color-5)","background-image":"","background-repeat":"repeat","background-position":"center center","background-size":"auto","background-attachment":"scroll","background-type":"","background-media":"","overlay-type":"","overlay-color":"","overlay-opacity":"","overlay-gradient":""},"mobile":{"background-color":"var(--ast-global-color-5)","background-image":"","background-repeat":"repeat","background-position":"center center","background-size":"auto","background-attachment":"scroll","background-type":"","background-media":"","overlay-type":"","overlay-color":"","overlay-opacity":"","overlay-gradient":""}},"footnotes":""},"class_list":["post-1445","page","type-page","status-publish","hentry"],"_links":{"self":[{"href":"https:\/\/bellavistahuaraz.com\/en\/wp-json\/wp\/v2\/pages\/1445","targetHints":{"allow":["GET"]}}],"collection":[{"href":"https:\/\/bellavistahuaraz.com\/en\/wp-json\/wp\/v2\/pages"}],"about":[{"href":"https:\/\/bellavistahuaraz.com\/en\/wp-json\/wp\/v2\/types\/page"}],"author":[{"embeddable":true,"href":"https:\/\/bellavistahuaraz.com\/en\/wp-json\/wp\/v2\/users\/4"}],"replies":[{"embeddable":true,"href":"https:\/\/bellavistahuaraz.com\/en\/wp-json\/wp\/v2\/comments?post=1445"}],"version-history":[{"count":10,"href":"https:\/\/bellavistahuaraz.com\/en\/wp-json\/wp\/v2\/pages\/1445\/revisions"}],"predecessor-version":[{"id":1524,"href":"https:\/\/bellavistahuaraz.com\/en\/wp-json\/wp\/v2\/pages\/1445\/revisions\/1524"}],"wp:attachment":[{"href":"https:\/\/bellavistahuaraz.com\/en\/wp-json\/wp\/v2\/media?parent=1445"}],"curies":[{"name":"wp","href":"https:\/\/api.w.org\/{rel}","templated":true}]}}