{"id":1487,"date":"2023-10-02T14:16:28","date_gmt":"2023-10-02T14:16:28","guid":{"rendered":"https:\/\/bellavistahuaraz.com\/?page_id=1487"},"modified":"2023-10-02T16:46:18","modified_gmt":"2023-10-02T16:46:18","slug":"laguna-rajupakinam","status":"publish","type":"page","link":"https:\/\/bellavistahuaraz.com\/en\/laguna-rajupakinam\/","title":{"rendered":"Laguna Rajupakinam"},"content":{"rendered":"<div data-elementor-type=\"wp-page\" data-elementor-id=\"1487\" class=\"elementor elementor-1487\" data-elementor-post-type=\"page\">\n\t\t\t\t<div class=\"elementor-element elementor-element-64cf1c38 e-con-full e-flex e-con e-parent\" data-id=\"64cf1c38\" data-element_type=\"container\">\n\t\t<div class=\"elementor-element elementor-element-58f056e6 e-con-full e-flex e-con e-parent\" data-id=\"58f056e6\" data-element_type=\"container\">\n\t\t\t\t<div class=\"elementor-element elementor-element-42e7a4bf elementor-widget elementor-widget-image\" data-id=\"42e7a4bf\" data-element_type=\"widget\" data-widget_type=\"image.default\">\n\t\t\t\t<div class=\"elementor-widget-container\">\n\t\t\t\t\t\t\t\t\t\t\t\t\t\t\t<img fetchpriority=\"high\" decoding=\"async\" width=\"800\" height=\"600\" src=\"https:\/\/bellavistahuaraz.com\/wp-content\/uploads\/2023\/08\/lagunarajupajinam800x600.jpg\" class=\"attachment-large size-large wp-image-923\" alt=\"\" srcset=\"https:\/\/bellavistahuaraz.com\/wp-content\/uploads\/2023\/08\/lagunarajupajinam800x600.jpg 800w, https:\/\/bellavistahuaraz.com\/wp-content\/uploads\/2023\/08\/lagunarajupajinam800x600-300x225.jpg 300w, https:\/\/bellavistahuaraz.com\/wp-content\/uploads\/2023\/08\/lagunarajupajinam800x600-768x576.jpg 768w\" sizes=\"(max-width: 800px) 100vw, 800px\" \/>\t\t\t\t\t\t\t\t\t\t\t\t\t\t\t<\/div>\n\t\t\t\t<\/div>\n\t\t\t\t<\/div>\n\t\t<div class=\"elementor-element elementor-element-2396fb26 e-con-full e-flex e-con e-parent\" data-id=\"2396fb26\" data-element_type=\"container\">\n\t\t\t\t<div class=\"elementor-element elementor-element-54ea7d8a elementor-widget elementor-widget-heading\" data-id=\"54ea7d8a\" data-element_type=\"widget\" data-widget_type=\"heading.default\">\n\t\t\t\t<div class=\"elementor-widget-container\">\n\t\t\t\t\t<h2 class=\"elementor-heading-title elementor-size-default\">Laguna Rajupakinam<\/h2>\t\t\t\t<\/div>\n\t\t\t\t<\/div>\n\t\t\t\t<div class=\"elementor-element elementor-element-f421c43 elementor-widget elementor-widget-text-editor\" data-id=\"f421c43\" data-element_type=\"widget\" data-widget_type=\"text-editor.default\">\n\t\t\t\t<div class=\"elementor-widget-container\">\n\t\t\t\t\t\t\t\t\t<p>The Lagoon Rajupaquinan, accessible, and of modest size, is located at 3950 m.s.n.m. It is the first that you&#039;ll find before you reach the stunning Laguna 513.<\/p><p>Majestically located at the foot of the imposing Nevado Hualcan (6125 m.a.s.l.), Laguna 513 fascinates with its turquoise waters in the Cordillera Blanca, Ancash Region, Peru.<\/p><p>These lagoons are full of mysticism and legends, are the true treasures of the area, is often regarded by many as lagoons, enchanted.<\/p><p><br \/><strong>Altitude:<\/strong> 3,950 meters.<br \/><strong>Location:<\/strong> Snowy Hualcan<br \/><strong>Recommended time of visit:<\/strong> 8 hours.<br \/><strong>Total duration of the experience:<\/strong> All the day<\/p><p><strong>Price<\/strong>: From usd 55 per person.\u00a0<\/p>\t\t\t\t\t\t\t\t<\/div>\n\t\t\t\t<\/div>\n\t\t\t\t<div class=\"elementor-element elementor-element-1931fae4 elementor-widget elementor-widget-button\" data-id=\"1931fae4\" data-element_type=\"widget\" data-widget_type=\"button.default\">\n\t\t\t\t<div class=\"elementor-widget-container\">\n\t\t\t\t\t\t\t\t\t<div class=\"elementor-button-wrapper\">\n\t\t\t\t\t<a class=\"elementor-button elementor-button-link elementor-size-sm\" href=\"#\">\n\t\t\t\t\t\t<span class=\"elementor-button-content-wrapper\">\n\t\t\t\t\t\t\t\t\t<span class=\"elementor-button-text\">Contact us<\/span>\n\t\t\t\t\t<\/span>\n\t\t\t\t\t<\/a>\n\t\t\t\t<\/div>\n\t\t\t\t\t\t\t\t<\/div>\n\t\t\t\t<\/div>\n\t\t\t\t<\/div>\n\t\t\t\t<\/div>\n\t\t\t\t<\/div>","protected":false},"excerpt":{"rendered":"<p>Laguna Rajupakinam La Laguna Rajupaquinan, accesible y de dimensiones modestas, se encuentra a 3950 m.s.n.m. Es la primera que encontraremos antes de llegar a la impresionante Laguna 513. Ubicada majestuosamente a los pies del imponente Nevado Hualcan (6125 m.s.n.m), la Laguna 513 fascina con sus aguas turquesas en la Cordillera Blanca, Regi\u00f3n de \u00c1ncash, Per\u00fa. [&hellip;]<\/p>","protected":false},"author":4,"featured_media":0,"parent":0,"menu_order":0,"comment_status":"closed","ping_status":"closed","template":"","meta":{"site-sidebar-layout":"no-sidebar","site-content-layout":"page-builder","ast-site-content-layout":"default","site-content-style":"default","site-sidebar-style":"default","ast-global-header-display":"","ast-banner-title-visibility":"","ast-main-header-display":"","ast-hfb-above-header-display":"","ast-hfb-below-header-display":"","ast-hfb-mobile-header-display":"","site-post-title":"disabled","ast-breadcrumbs-content":"","ast-featured-img":"disabled","footer-sml-layout":"","theme-transparent-header-meta":"","adv-header-id-meta":"","stick-header-meta":"","header-above-stick-meta":"","header-main-stick-meta":"","header-below-stick-meta":"","astra-migrate-meta-layouts":"default","ast-page-background-enabled":"default","ast-page-background-meta":{"desktop":{"background-color":"","background-image":"","background-repeat":"repeat","background-position":"center center","background-size":"auto","background-attachment":"scroll","background-type":"","background-media":"","overlay-type":"","overlay-color":"","overlay-opacity":"","overlay-gradient":""},"tablet":{"background-color":"","background-image":"","background-repeat":"repeat","background-position":"center center","background-size":"auto","background-attachment":"scroll","background-type":"","background-media":"","overlay-type":"","overlay-color":"","overlay-opacity":"","overlay-gradient":""},"mobile":{"background-color":"","background-image":"","background-repeat":"repeat","background-position":"center center","background-size":"auto","background-attachment":"scroll","background-type":"","background-media":"","overlay-type":"","overlay-color":"","overlay-opacity":"","overlay-gradient":""}},"ast-content-background-meta":{"desktop":{"background-color":"var(--ast-global-color-5)","background-image":"","background-repeat":"repeat","background-position":"center center","background-size":"auto","background-attachment":"scroll","background-type":"","background-media":"","overlay-type":"","overlay-color":"","overlay-opacity":"","overlay-gradient":""},"tablet":{"background-color":"var(--ast-global-color-5)","background-image":"","background-repeat":"repeat","background-position":"center center","background-size":"auto","background-attachment":"scroll","background-type":"","background-media":"","overlay-type":"","overlay-color":"","overlay-opacity":"","overlay-gradient":""},"mobile":{"background-color":"var(--ast-global-color-5)","background-image":"","background-repeat":"repeat","background-position":"center center","background-size":"auto","background-attachment":"scroll","background-type":"","background-media":"","overlay-type":"","overlay-color":"","overlay-opacity":"","overlay-gradient":""}},"footnotes":""},"class_list":["post-1487","page","type-page","status-publish","hentry"],"_links":{"self":[{"href":"https:\/\/bellavistahuaraz.com\/en\/wp-json\/wp\/v2\/pages\/1487","targetHints":{"allow":["GET"]}}],"collection":[{"href":"https:\/\/bellavistahuaraz.com\/en\/wp-json\/wp\/v2\/pages"}],"about":[{"href":"https:\/\/bellavistahuaraz.com\/en\/wp-json\/wp\/v2\/types\/page"}],"author":[{"embeddable":true,"href":"https:\/\/bellavistahuaraz.com\/en\/wp-json\/wp\/v2\/users\/4"}],"replies":[{"embeddable":true,"href":"https:\/\/bellavistahuaraz.com\/en\/wp-json\/wp\/v2\/comments?post=1487"}],"version-history":[{"count":10,"href":"https:\/\/bellavistahuaraz.com\/en\/wp-json\/wp\/v2\/pages\/1487\/revisions"}],"predecessor-version":[{"id":1550,"href":"https:\/\/bellavistahuaraz.com\/en\/wp-json\/wp\/v2\/pages\/1487\/revisions\/1550"}],"wp:attachment":[{"href":"https:\/\/bellavistahuaraz.com\/en\/wp-json\/wp\/v2\/media?parent=1487"}],"curies":[{"name":"wp","href":"https:\/\/api.w.org\/{rel}","templated":true}]}}