{"id":1496,"date":"2023-10-02T14:19:00","date_gmt":"2023-10-02T14:19:00","guid":{"rendered":"https:\/\/bellavistahuaraz.com\/?page_id=1496"},"modified":"2023-10-02T16:42:58","modified_gmt":"2023-10-02T16:42:58","slug":"treeking-ruta-alpina","status":"publish","type":"page","link":"https:\/\/bellavistahuaraz.com\/en\/treeking-ruta-alpina\/","title":{"rendered":"Trekking Alpine route"},"content":{"rendered":"<div data-elementor-type=\"wp-page\" data-elementor-id=\"1496\" class=\"elementor elementor-1496\" data-elementor-post-type=\"page\">\n\t\t\t\t<div class=\"elementor-element elementor-element-5fed38f3 e-con-full e-flex e-con e-parent\" data-id=\"5fed38f3\" data-element_type=\"container\">\n\t\t<div class=\"elementor-element elementor-element-23244271 e-con-full e-flex e-con e-parent\" data-id=\"23244271\" data-element_type=\"container\">\n\t\t\t\t<div class=\"elementor-element elementor-element-246534c0 elementor-widget elementor-widget-image\" data-id=\"246534c0\" data-element_type=\"widget\" data-widget_type=\"image.default\">\n\t\t\t\t<div class=\"elementor-widget-container\">\n\t\t\t\t\t\t\t\t\t\t\t\t\t\t\t<img fetchpriority=\"high\" decoding=\"async\" width=\"800\" height=\"600\" src=\"https:\/\/bellavistahuaraz.com\/wp-content\/uploads\/2023\/08\/rutaal800.jpg\" class=\"attachment-large size-large wp-image-924\" alt=\"\" srcset=\"https:\/\/bellavistahuaraz.com\/wp-content\/uploads\/2023\/08\/rutaal800.jpg 800w, https:\/\/bellavistahuaraz.com\/wp-content\/uploads\/2023\/08\/rutaal800-300x225.jpg 300w, https:\/\/bellavistahuaraz.com\/wp-content\/uploads\/2023\/08\/rutaal800-768x576.jpg 768w\" sizes=\"(max-width: 800px) 100vw, 800px\" \/>\t\t\t\t\t\t\t\t\t\t\t\t\t\t\t<\/div>\n\t\t\t\t<\/div>\n\t\t\t\t<\/div>\n\t\t<div class=\"elementor-element elementor-element-442bd506 e-con-full e-flex e-con e-parent\" data-id=\"442bd506\" data-element_type=\"container\">\n\t\t\t\t<div class=\"elementor-element elementor-element-3bf0201 elementor-widget elementor-widget-heading\" data-id=\"3bf0201\" data-element_type=\"widget\" data-widget_type=\"heading.default\">\n\t\t\t\t<div class=\"elementor-widget-container\">\n\t\t\t\t\t<h2 class=\"elementor-heading-title elementor-size-default\">Trekking Alpine Route<\/h2>\t\t\t\t<\/div>\n\t\t\t\t<\/div>\n\t\t\t\t<div class=\"elementor-element elementor-element-22881a15 elementor-widget elementor-widget-text-editor\" data-id=\"22881a15\" data-element_type=\"widget\" data-widget_type=\"text-editor.default\">\n\t\t\t\t<div class=\"elementor-widget-container\">\n\t\t\t\t\t\t\t\t\t<p>The alpine route involves a rise for rocky terrain, glacier, and, often, steep slopes. The proper acclimatization is essential, because the altitudes can easily exceed 4,000 meters above sea level and reach much greater heights, as 6,000 meters or more.<\/p><div class=\"flex-1 overflow-hidden\"><div class=\"react-scroll-to-bottom--css-bkeoj-79elbk h-full dark:bg-gray-800\"><div class=\"react-scroll-to-bottom--css-bkeoj-1n7m0yu\"><div class=\"flex flex-col text-sm dark:bg-gray-800\"><div class=\"group w-full text-token-text-primary border-b border-black\/10 gizmo:border-0 dark:border-gray-900\/50 gizmo:dark:border-0 bg-gray-50 gizmo:bg-transparent dark:bg-[#444654] gizmo:dark:bg-transparent\" data-testid=\"conversation-turn-29\"><div class=\"p-4 justify-center text-base md:gap-6 md:py-6 m-auto\"><div class=\"flex flex-1 gap-4 text-base mx-auto md:gap-6 gizmo:gap-3 gizmo:md:px-5 gizmo:lg:px-1 gizmo:xl:px-5 md:max-w-2xl lg:max-w-[38rem] gizmo:md:max-w-3xl gizmo:lg:max-w-[40rem] gizmo:xl:max-w-[48rem] xl:max-w-3xl }\"><div class=\"relative flex w-[calc(100%-50px)] flex-col gap-1 gizmo:w-full md:gap-3 lg:w-[calc(100%-115px)] agent-turn\"><div class=\"flex flex-grow flex-col gap-3 max-w-full\"><div class=\"min-h-[20px] flex flex-col items-start gap-3 overflow-x-auto whitespace-pre-wrap break-words\"><div class=\"markdown prose w-full break-words dark:prose-invert light\"><p>In summary, the trek to the alpine route in Huaraz is an adventure for the lovers of the mountain, which seek to exceed their limits, enjoy spectacular views and experience the thrill of conquering the summits of high mountains in one of the most scenic and exciting of Peru.<\/p><p><br \/><strong>Altitude:<\/strong> 5,245 meters.<br \/><strong>Location:<\/strong> Cordillera Huayhuash<br \/><strong>Total duration of the experience:<\/strong> 10 days<\/p><\/div><\/div><\/div><\/div><\/div><\/div><\/div><\/div><\/div><\/div><\/div><p><strong>Price<\/strong>: From usd 55 per person.\u00a0<\/p>\t\t\t\t\t\t\t\t<\/div>\n\t\t\t\t<\/div>\n\t\t\t\t<div class=\"elementor-element elementor-element-ed55227 elementor-widget elementor-widget-button\" data-id=\"ed55227\" data-element_type=\"widget\" data-widget_type=\"button.default\">\n\t\t\t\t<div class=\"elementor-widget-container\">\n\t\t\t\t\t\t\t\t\t<div class=\"elementor-button-wrapper\">\n\t\t\t\t\t<a class=\"elementor-button elementor-button-link elementor-size-sm\" href=\"#\">\n\t\t\t\t\t\t<span class=\"elementor-button-content-wrapper\">\n\t\t\t\t\t\t\t\t\t<span class=\"elementor-button-text\">Contact us<\/span>\n\t\t\t\t\t<\/span>\n\t\t\t\t\t<\/a>\n\t\t\t\t<\/div>\n\t\t\t\t\t\t\t\t<\/div>\n\t\t\t\t<\/div>\n\t\t\t\t<\/div>\n\t\t\t\t<\/div>\n\t\t\t\t<\/div>","protected":false},"excerpt":{"rendered":"<p>Treeking Ruta Alpina La ruta alpina implica un ascenso por terrenos rocosos, glaciar y, a menudo, pendientes empinadas. La aclimataci\u00f3n adecuada es esencial, ya que las altitudes pueden superar f\u00e1cilmente los 4,000 metros sobre el nivel del mar y alcanzar alturas mucho mayores, como 6,000 metros o m\u00e1s. En resumen, el trekking hacia la ruta [&hellip;]<\/p>","protected":false},"author":4,"featured_media":0,"parent":0,"menu_order":0,"comment_status":"closed","ping_status":"closed","template":"","meta":{"site-sidebar-layout":"no-sidebar","site-content-layout":"page-builder","ast-site-content-layout":"default","site-content-style":"default","site-sidebar-style":"default","ast-global-header-display":"","ast-banner-title-visibility":"","ast-main-header-display":"","ast-hfb-above-header-display":"","ast-hfb-below-header-display":"","ast-hfb-mobile-header-display":"","site-post-title":"disabled","ast-breadcrumbs-content":"","ast-featured-img":"disabled","footer-sml-layout":"","theme-transparent-header-meta":"","adv-header-id-meta":"","stick-header-meta":"","header-above-stick-meta":"","header-main-stick-meta":"","header-below-stick-meta":"","astra-migrate-meta-layouts":"default","ast-page-background-enabled":"default","ast-page-background-meta":{"desktop":{"background-color":"","background-image":"","background-repeat":"repeat","background-position":"center center","background-size":"auto","background-attachment":"scroll","background-type":"","background-media":"","overlay-type":"","overlay-color":"","overlay-opacity":"","overlay-gradient":""},"tablet":{"background-color":"","background-image":"","background-repeat":"repeat","background-position":"center center","background-size":"auto","background-attachment":"scroll","background-type":"","background-media":"","overlay-type":"","overlay-color":"","overlay-opacity":"","overlay-gradient":""},"mobile":{"background-color":"","background-image":"","background-repeat":"repeat","background-position":"center center","background-size":"auto","background-attachment":"scroll","background-type":"","background-media":"","overlay-type":"","overlay-color":"","overlay-opacity":"","overlay-gradient":""}},"ast-content-background-meta":{"desktop":{"background-color":"var(--ast-global-color-5)","background-image":"","background-repeat":"repeat","background-position":"center center","background-size":"auto","background-attachment":"scroll","background-type":"","background-media":"","overlay-type":"","overlay-color":"","overlay-opacity":"","overlay-gradient":""},"tablet":{"background-color":"var(--ast-global-color-5)","background-image":"","background-repeat":"repeat","background-position":"center center","background-size":"auto","background-attachment":"scroll","background-type":"","background-media":"","overlay-type":"","overlay-color":"","overlay-opacity":"","overlay-gradient":""},"mobile":{"background-color":"var(--ast-global-color-5)","background-image":"","background-repeat":"repeat","background-position":"center center","background-size":"auto","background-attachment":"scroll","background-type":"","background-media":"","overlay-type":"","overlay-color":"","overlay-opacity":"","overlay-gradient":""}},"footnotes":""},"class_list":["post-1496","page","type-page","status-publish","hentry"],"_links":{"self":[{"href":"https:\/\/bellavistahuaraz.com\/en\/wp-json\/wp\/v2\/pages\/1496","targetHints":{"allow":["GET"]}}],"collection":[{"href":"https:\/\/bellavistahuaraz.com\/en\/wp-json\/wp\/v2\/pages"}],"about":[{"href":"https:\/\/bellavistahuaraz.com\/en\/wp-json\/wp\/v2\/types\/page"}],"author":[{"embeddable":true,"href":"https:\/\/bellavistahuaraz.com\/en\/wp-json\/wp\/v2\/users\/4"}],"replies":[{"embeddable":true,"href":"https:\/\/bellavistahuaraz.com\/en\/wp-json\/wp\/v2\/comments?post=1496"}],"version-history":[{"count":10,"href":"https:\/\/bellavistahuaraz.com\/en\/wp-json\/wp\/v2\/pages\/1496\/revisions"}],"predecessor-version":[{"id":1547,"href":"https:\/\/bellavistahuaraz.com\/en\/wp-json\/wp\/v2\/pages\/1496\/revisions\/1547"}],"wp:attachment":[{"href":"https:\/\/bellavistahuaraz.com\/en\/wp-json\/wp\/v2\/media?parent=1496"}],"curies":[{"name":"wp","href":"https:\/\/api.w.org\/{rel}","templated":true}]}}